{"id":15,"date":"2026-03-12T16:12:03","date_gmt":"2026-03-12T16:12:03","guid":{"rendered":"https:\/\/wordpress-i6njc.wasmer.app\/?post_type=product&#038;p=15"},"modified":"2026-03-29T08:03:31","modified_gmt":"2026-03-29T08:03:31","slug":"test","status":"publish","type":"product","link":"https:\/\/wordpress-i6njc.wasmer.app\/index.php\/product\/test\/","title":{"rendered":"Th\u1ea3m Cao Su L\u00f3t Ch\u00e2n ESD &#8211; Ch\u1ed1ng T\u0129nh \u0110i\u1ec7n &#8211; Ch\u1ed1ng M\u1ecfi"},"content":{"rendered":"<p><strong>S\u01a1 L\u01b0\u1ee3c V\u1ec1 S\u1ea3n Ph\u1ea9m:<\/strong><\/p>\n<p><strong>M\u00e1y H\u00fat Kh\u00f3i c\u1ee7a ch\u00fang t\u00f4i\u00a0c\u00f3 c\u00f4ng d\u1ee5ng l\u00e0m s\u1ea1ch h\u1ea1t b\u1ee5i v\u00e0 kh\u00f4ng kh\u00ed. N\u00f3 \u0111\u01b0\u1ee3c thi\u1ebft k\u1ebf \u0111\u1ec3 l\u1ecdc s\u1ea1ch nh\u1eefng ch\u1ea5t \u0111\u1ed9c h\u1ea1i v\u00e0 m\u00f9i trong kh\u00f4ng kh\u00ed , Ch\u1eb3ng h\u1ea1n nh\u01b0\u00a0<\/strong>hydrocarbon and cyamide, l\u00e0 nh\u1eefng ch\u1ea5t \u0111\u01b0\u1ee3c th\u1ea3i ra trong qu\u00e1 tr\u00ecnh ch\u1ea1y ch\u00ec h\u00e0n, h\u00e0n bo m\u1ea1ch \u0111i\u1ec7n t\u1eed, \u0111i\u00eau kh\u1eafc v\u00e0 tr\u1ea1m tr\u1ed7 b\u1eb1ng tia laze , in 3D, x\u1eed l\u00fd \u0111\u1ed1t ti\u1ec3u ph\u1eabu\u00a0\u2026 N\u00f3 h\u00fat v\u00e0 gi\u1eef l\u1ea1i trong m\u00e1y nh\u1eefng kh\u00ed \u0111\u1ed9c h\u1ea1i v\u00e0 m\u00f9i h\u00f4i b\u1eb1ng m\u1ed9t c\u00e1i \u1ed1ng d\u1eabn \u0111\u1ee9ng v\u00e0 c\u00f3 th\u1ec3 \u0111\u1ec1u ch\u1ec9nh l\u01b0\u1ee3ng kh\u00f4ng kh\u00ed ra v\u00e0o \u0111\u1ec3 c\u1ea3i thi\u1ec7n \u0111\u00e1ng k\u1ec3 m\u00f4i tr\u01b0\u1eddng l\u00e0m vi\u1ec7c.<\/p>\n<p><strong>\u1ee8ng d\u1ee5ng:<\/strong><\/p>\n<p>H\u00fat &#8211; l\u1ecdc &#8211; kh\u1eed m\u00f9i kh\u00f3i th\u1ea3i ra t\u1eeb : \u0110\u1ed1t ti\u1ec3u ph\u1eabu , Kh\u00f3i Y t\u1ebf, kh\u00f3i Th\u1ea9m M\u1ef9 Vi\u1ec7n, h\u00f3a ch\u1ea5t trong ph\u00f2ng th\u00ed nghi\u1ec7m, kh\u1eafc laser &#8230;v.v<\/p>\n<p><img decoding=\"async\" title=\"M\u00e1y H\u00fat Kh\u00f3i B\u1ee5i Y T\u1ebf M6001W\" src=\"https:\/\/www.billphan.com.vn\/tinymce\/plugins\/image\/uploads\/1.3.0_M6001W-3R.jpg\" alt=\"\" \/><\/p>\n<p><strong>Th\u00f4ng s\u1ed1 k\u1ef9 thu\u1eadt:<\/strong><\/p>\n<table border=\"1\" width=\"254\" cellspacing=\"0\">\n<tbody>\n<tr>\n<td>Model<\/td>\n<td>M6001W<\/td>\n<\/tr>\n<tr>\n<td>Hi\u1ec7u \u0111i\u1ec7n th\u1ebf<\/td>\n<td>110V \/ 220V<\/td>\n<\/tr>\n<tr>\n<td>C\u00f4ng su\u1ea5t<\/td>\n<td>80W<\/td>\n<\/tr>\n<tr>\n<td>S\u1ed1 v\u00f2i h\u00fat<\/td>\n<td>1<\/td>\n<\/tr>\n<tr>\n<td>D\u00f2ng kh\u00ed h\u1ec7 th\u1ed1ng<\/td>\n<td>235m\u00b3\u00a0\/h<\/td>\n<\/tr>\n<tr>\n<td>T\u1ed1c \u0111\u1ed9 gi\u00f3<\/td>\n<td>17m \/s<\/td>\n<\/tr>\n<tr>\n<td>Hi\u1ec7u qu\u1ea3 l\u1ecdc<\/td>\n<td>0.3\u03bcm \u00a0\u00a099.97%<\/td>\n<\/tr>\n<tr>\n<td>Chi\u1ec1u d\u00e0i v\u00f2i h\u00fat<\/td>\n<td>\u03a675mm x 1.4m<\/td>\n<\/tr>\n<tr>\n<td>\u0110\u1ed9 \u1ed3n<\/td>\n<td>\u00a0&lt; 60 dB<\/td>\n<\/tr>\n<tr>\n<td>K\u00edch th\u01b0\u1edbc (mm)<\/td>\n<td>420 x 245 x 400<\/td>\n<\/tr>\n<tr>\n<td>Kh\u1ed1i l\u01b0\u1ee3ng<\/td>\n<td>12kg<\/td>\n<\/tr>\n<\/tbody>\n<\/table>\n<p><strong>\u0110\u1eb7c \u0111i\u1ec3m:<\/strong><\/p>\n<ol>\n<li>K\u1ebft c\u1ea5u th\u00e2n kim lo\u1ea1i, ch\u1eafc ch\u1eafn v\u00e0 b\u1ec1n b\u1ec9;<\/li>\n<li>Thi\u1ebft k\u1ebf gi\u1ea3m ti\u1ebfng \u1ed3n mang l\u1ea1i m\u00f4i tr\u01b0\u1eddng y\u00ean t\u0129nh v\u00e0 tho\u1ea3i m\u00e1i;<\/li>\n<li>Thi\u1ebft k\u1ebf nhi\u1ec1u b\u1ed9 l\u1ecdc \u0111\u1ea3m b\u1ea3o l\u1ecdc kh\u00f3i tri\u1ec7t \u0111\u1ec3;<\/li>\n<li>H\u1ec7 th\u1ed1ng c\u1ea3nh b\u00e1o t\u1eafc ngh\u1ebdn b\u1ed9 l\u1ecdc r\u1ea5t nh\u1ea1y v\u00e0 hi\u1ec7u qu\u1ea3, nh\u1eafc nh\u1edf b\u1ea1n thay b\u1ed9 l\u1ecdc k\u1ecbp th\u1eddi;<\/li>\n<li>B\u00e1nh xe gi\u00fap vi\u1ec7c di chuy\u1ec3n d\u1ec5 d\u00e0ng v\u00e0 linh ho\u1ea1t.<\/li>\n<\/ol>\n<p><strong>H\u1ec7\u00a0th\u1ed1ng l\u1ecdc 4 l\u1edbp:\u00a0<\/strong><\/p>\n<p><strong><img decoding=\"async\" title=\"M\u00e1y H\u00fat Kh\u00f3i B\u1ee5i Y T\u1ebf M6001W\" src=\"https:\/\/www.billphan.com.vn\/tinymce\/plugins\/image\/uploads\/1.3.0_M6001W-2R.jpg\" alt=\"\" \/><\/strong><\/p>\n<p>&#8212;-<\/p>\n<p>T\u1eea KH\u00d3A:<\/p>\n<p>M\u00c1Y H\u00daT KH\u00d3I H\u00c0N, M\u00c1Y H\u00daT KH\u00d3I CH\u00cc, M\u00c1Y H\u00daT KH\u00d3I C\u00d4NG NGHI\u1ec6P, FUME EXTRACTOR, M\u00c1Y H\u00daT KH\u00d3I, M\u00c1Y H\u00daT KH\u00d3I DI \u0110\u1ed8NG, M\u00c1Y H\u00daT KH\u00d3I LASER, M\u00c1Y H\u00daT KH\u00d3I PLASMA, M\u00c1Y H\u00daT KH\u00d3I TH\u1ea8M M\u1ef8, M\u00c1Y H\u00daT KH\u00d3I Y T\u1ebe, M\u00c1Y H\u00daT KH\u00d3I PH\u00d2NG LAB.<\/p>\n","protected":false},"excerpt":{"rendered":"<p>S\u01a1 L\u01b0\u1ee3c V\u1ec1 S\u1ea3n Ph\u1ea9m: M\u00e1y H\u00fat Kh\u00f3i c\u1ee7a ch\u00fang t\u00f4i\u00a0c\u00f3 c\u00f4ng d\u1ee5ng l\u00e0m s\u1ea1ch h\u1ea1t b\u1ee5i v\u00e0 kh\u00f4ng kh\u00ed. N\u00f3 \u0111\u01b0\u1ee3c thi\u1ebft k\u1ebf \u0111\u1ec3 l\u1ecdc s\u1ea1ch nh\u1eefng ch\u1ea5t \u0111\u1ed9c h\u1ea1i v\u00e0 m\u00f9i trong kh\u00f4ng kh\u00ed , Ch\u1eb3ng h\u1ea1n nh\u01b0\u00a0hydrocarbon and cyamide, l\u00e0 nh\u1eefng ch\u1ea5t \u0111\u01b0\u1ee3c th\u1ea3i ra trong qu\u00e1 tr\u00ecnh ch\u1ea1y ch\u00ec h\u00e0n, h\u00e0n [&hellip;]<\/p>\n","protected":false},"featured_media":26,"comment_status":"open","ping_status":"closed","template":"","meta":[],"product_brand":[],"product_cat":[58,56,55,57],"product_tag":[],"class_list":{"0":"post-15","1":"product","2":"type-product","3":"status-publish","4":"has-post-thumbnail","6":"product_cat-may-cat-tuot-day-dien","7":"product_cat-may-hut-khoi-thiec-han","8":"product_cat-san-pham-noi-bat","9":"product_cat-thiet-bi-do-luong","11":"first","12":"instock","13":"shipping-taxable","14":"purchasable","15":"product-type-simple"},"_links":{"self":[{"href":"https:\/\/wordpress-i6njc.wasmer.app\/index.php\/wp-json\/wp\/v2\/product\/15","targetHints":{"allow":["GET"]}}],"collection":[{"href":"https:\/\/wordpress-i6njc.wasmer.app\/index.php\/wp-json\/wp\/v2\/product"}],"about":[{"href":"https:\/\/wordpress-i6njc.wasmer.app\/index.php\/wp-json\/wp\/v2\/types\/product"}],"replies":[{"embeddable":true,"href":"https:\/\/wordpress-i6njc.wasmer.app\/index.php\/wp-json\/wp\/v2\/comments?post=15"}],"wp:featuredmedia":[{"embeddable":true,"href":"https:\/\/wordpress-i6njc.wasmer.app\/index.php\/wp-json\/wp\/v2\/media\/26"}],"wp:attachment":[{"href":"https:\/\/wordpress-i6njc.wasmer.app\/index.php\/wp-json\/wp\/v2\/media?parent=15"}],"wp:term":[{"taxonomy":"product_brand","embeddable":true,"href":"https:\/\/wordpress-i6njc.wasmer.app\/index.php\/wp-json\/wp\/v2\/product_brand?post=15"},{"taxonomy":"product_cat","embeddable":true,"href":"https:\/\/wordpress-i6njc.wasmer.app\/index.php\/wp-json\/wp\/v2\/product_cat?post=15"},{"taxonomy":"product_tag","embeddable":true,"href":"https:\/\/wordpress-i6njc.wasmer.app\/index.php\/wp-json\/wp\/v2\/product_tag?post=15"}],"curies":[{"name":"wp","href":"https:\/\/api.w.org\/{rel}","templated":true}]}}